{"id":10985,"date":"2024-03-19T17:39:17","date_gmt":"2024-03-19T17:39:17","guid":{"rendered":"https:\/\/newintelligence.ca\/contact\/"},"modified":"2024-11-01T19:01:01","modified_gmt":"2024-11-01T19:01:01","slug":"contact","status":"publish","type":"page","link":"https:\/\/newintelligence.ca\/fr\/contact\/","title":{"rendered":"Contact"},"content":{"rendered":"<p>[et_pb_section fb_built=\u00a0\u00bb1&Prime; fullwidth=\u00a0\u00bbon\u00a0\u00bb _builder_version=\u00a0\u00bb4.23&Prime; _module_preset=\u00a0\u00bbdefault\u00a0\u00bb da_disable_devices=\u00a0\u00bboff|off|off\u00a0\u00bb global_colors_info=\u00a0\u00bb{}\u00a0\u00bb da_is_popup=\u00a0\u00bboff\u00a0\u00bb da_exit_intent=\u00a0\u00bboff\u00a0\u00bb da_has_close=\u00a0\u00bbon\u00a0\u00bb da_alt_close=\u00a0\u00bboff\u00a0\u00bb da_dark_close=\u00a0\u00bboff\u00a0\u00bb da_not_modal=\u00a0\u00bbon\u00a0\u00bb da_is_singular=\u00a0\u00bboff\u00a0\u00bb da_with_loader=\u00a0\u00bboff\u00a0\u00bb da_has_shadow=\u00a0\u00bbon\u00a0\u00bb][et_pb_fullwidth_code _builder_version=\u00a0\u00bb4.26.0&Prime; _module_preset=\u00a0\u00bbdefault\u00a0\u00bb global_colors_info=\u00a0\u00bb{}\u00a0\u00bb]\n\t\t\t\t<p class=\"rs-p-wp-fix\"><\/p>\n\t\t\t\t<sr7-module data-alias=\"ni-contactus-slide001-fr\" data-id=\"521\" id=\"SR7_521_1\" data-version=\"6.7.51\">\n\t\t\t\t\t<sr7-adjuster><\/sr7-adjuster>\n\t\t\t\t\t<sr7-content>\n\t\t\t\t\t\t<sr7-slide id=\"SR7_521_1-363\" data-key=\"363\">\n\t\t\t\t\t\t\t<sr7-txt id=\"SR7_521_1-363-7\" class=\"sr7-layer\">Connectez-vous avec NewIntelligence. Votre parcours vers des analyses am\u00e9lior\u00e9es et des op\u00e9rations simplifi\u00e9es commence ici. Contactez-nous pour des solutions personnalis\u00e9es et un support d\u00e9di\u00e9.<\/sr7-txt>\n\t\t\t\t\t\t\t<sr7-txt id=\"SR7_521_1-363-9\" class=\"sr7-layer\">Contactez-nous<\/sr7-txt>\n\t\t\t\t\t\t<\/sr7-slide>\n\t\t\t\t\t\t<sr7-slide id=\"SR7_521_1-667\" data-key=\"667\">\n\t\t\t\t\t\t<\/sr7-slide>\n\t\t\t\t\t<\/sr7-content>\n\t\t\t\t<\/sr7-module>\n\t\t\t\t<script>\n\t\t\t\t\twindow.SR7 ??={};SR7.PMH ??={}; SR7.PMH[\"SR7_521_1\"] = {cn:100,state:false,fn: function() { if (window._tpt!==undefined && window._tpt.prepareModuleHeight !== undefined) {  _tpt.prepareModuleHeight({id:\"SR7_521_1\",el:[900,750,700,600],type:'standard',shdw:'0',gh:[900,750,700,600],gw:[1240,1000,700,480],vpt:['-200px'],size:{fullWidth:true, fullHeight:true},offsetContainer:'',offset:'',mh:'0',onh:0,onw:0,bg:{color:'rgba(31, 64, 120, 0)'}});   SR7.PMH[\"SR7_521_1\"].state=true;} else if(SR7.PMH[\"SR7_521_1\"].cn-->0)\tsetTimeout( SR7.PMH[\"SR7_521_1\"].fn,19);}};SR7.PMH[\"SR7_521_1\" ].fn();\n\t\t\t\t<\/script>\n[\/et_pb_fullwidth_code][\/et_pb_section][et_pb_section fb_built=\u00a0\u00bb1&Prime; fullwidth=\u00a0\u00bbon\u00a0\u00bb _builder_version=\u00a0\u00bb4.23&Prime; _module_preset=\u00a0\u00bbdefault\u00a0\u00bb da_disable_devices=\u00a0\u00bboff|off|off\u00a0\u00bb global_colors_info=\u00a0\u00bb{}\u00a0\u00bb da_is_popup=\u00a0\u00bboff\u00a0\u00bb da_exit_intent=\u00a0\u00bboff\u00a0\u00bb da_has_close=\u00a0\u00bbon\u00a0\u00bb da_alt_close=\u00a0\u00bboff\u00a0\u00bb da_dark_close=\u00a0\u00bboff\u00a0\u00bb da_not_modal=\u00a0\u00bbon\u00a0\u00bb da_is_singular=\u00a0\u00bboff\u00a0\u00bb da_with_loader=\u00a0\u00bboff\u00a0\u00bb da_has_shadow=\u00a0\u00bbon\u00a0\u00bb][et_pb_fullwidth_image src=\u00a0\u00bbhttps:\/\/newintelligence.ca\/wp-content\/uploads\/2023\/12\/montreal-toronto-map-003-scaled.jpg\u00a0\u00bb title_text=\u00a0\u00bbmontreal-toronto-map-003&Prime; _builder_version=\u00a0\u00bb4.26.0&Prime; _module_preset=\u00a0\u00bbdefault\u00a0\u00bb custom_css_free_form=\u00a0\u00bbimg%91alt%93 {||    pointer-events: none;||}\u00a0\u00bb global_colors_info=\u00a0\u00bb{}\u00a0\u00bb][\/et_pb_fullwidth_image][\/et_pb_section][et_pb_section fb_built=\u00a0\u00bb1&Prime; specialty=\u00a0\u00bbon\u00a0\u00bb admin_label=\u00a0\u00bbHeader\u00a0\u00bb module_id=\u00a0\u00bbsouscrire\u00a0\u00bb _builder_version=\u00a0\u00bb4.24.2&Prime; background_color=\u00a0\u00bb#ff686d\u00a0\u00bb background_enable_image=\u00a0\u00bboff\u00a0\u00bb background_size=\u00a0\u00bbcontain\u00a0\u00bb background_position=\u00a0\u00bbbottom_center\u00a0\u00bb animation_direction=\u00a0\u00bbtop\u00a0\u00bb hover_enabled=\u00a0\u00bb0&Prime; da_disable_devices=\u00a0\u00bboff|off|off\u00a0\u00bb saved_tabs=\u00a0\u00bball\u00a0\u00bb global_colors_info=\u00a0\u00bb{}\u00a0\u00bb sticky_enabled=\u00a0\u00bb0&Prime; da_is_popup=\u00a0\u00bboff\u00a0\u00bb da_exit_intent=\u00a0\u00bboff\u00a0\u00bb da_has_close=\u00a0\u00bbon\u00a0\u00bb da_alt_close=\u00a0\u00bboff\u00a0\u00bb da_dark_close=\u00a0\u00bboff\u00a0\u00bb da_not_modal=\u00a0\u00bbon\u00a0\u00bb da_is_singular=\u00a0\u00bboff\u00a0\u00bb da_with_loader=\u00a0\u00bboff\u00a0\u00bb da_has_shadow=\u00a0\u00bbon\u00a0\u00bb][et_pb_column type=\u00a0\u00bb1_2&Prime; _builder_version=\u00a0\u00bb4.16&Prime; custom_padding=\u00a0\u00bb|||\u00a0\u00bb global_colors_info=\u00a0\u00bb{}\u00a0\u00bb custom_padding__hover=\u00a0\u00bb|||\u00a0\u00bb][et_pb_text _builder_version=\u00a0\u00bb4.26.0&Prime; text_font=\u00a0\u00bbInter||||||||\u00a0\u00bb text_text_color=\u00a0\u00bb#FFFFFF\u00a0\u00bb text_line_height=\u00a0\u00bb2em\u00a0\u00bb ul_font=\u00a0\u00bb||||||||\u00a0\u00bb ol_font=\u00a0\u00bb||||||||\u00a0\u00bb header_font=\u00a0\u00bbInter|800|||||||\u00a0\u00bb header_text_color=\u00a0\u00bb#FFFFFF\u00a0\u00bb header_font_size=\u00a0\u00bb52px\u00a0\u00bb header_line_height=\u00a0\u00bb1.2em\u00a0\u00bb header_2_font=\u00a0\u00bb||||||||\u00a0\u00bb header_3_font=\u00a0\u00bb||||||||\u00a0\u00bb header_4_font=\u00a0\u00bb||||||||\u00a0\u00bb header_5_font=\u00a0\u00bb||||||||\u00a0\u00bb header_6_font=\u00a0\u00bb||||||||\u00a0\u00bb header_font_size_tablet=\u00a0\u00bb42px\u00a0\u00bb header_font_size_phone=\u00a0\u00bb32px\u00a0\u00bb header_font_size_last_edited=\u00a0\u00bbon|desktop\u00a0\u00bb global_colors_info=\u00a0\u00bb{}\u00a0\u00bb]<\/p>\n<h1>Contactez nous<\/h1>\n<p>Lib\u00e9rez tout le potentiel des informations bas\u00e9es sur les donn\u00e9es avec NewIntelligence. Notre \u00e9quipe d&rsquo;experts chevronn\u00e9s a pour mission de vous aider \u00e0 am\u00e9liorer votre efficacit\u00e9 et \u00e0 atteindre vos objectifs commerciaux.<\/p>\n<p><strong>Pourquoi choisir NewIntelligence ?<\/strong><br \/><strong>&#8211; Solutions sur mesure :<\/strong> Nous fournissons des strat\u00e9gies personnalis\u00e9es pour r\u00e9pondre aux besoins uniques de votre entreprise.<br \/><strong>&#8211; Support in\u00e9gal\u00e9 : <\/strong>Notre engagement \u00e0 offrir un service \u00e0 la client\u00e8le exceptionnel vous assure de recevoir le soutien dont vous avez besoin, quand vous en avez besoin.<\/p>\n<p>Contactez-nous d\u00e8s aujourd&rsquo;hui pour d\u00e9couvrir comment nous pouvons vous aider \u00e0 transformer vos donn\u00e9es en informations exploitables.<\/p>\n<p>[\/et_pb_text][\/et_pb_column][et_pb_column type=\u00a0\u00bb1_2&Prime; specialty_columns=\u00a0\u00bb2&Prime; _builder_version=\u00a0\u00bb4.16&Prime; custom_padding=\u00a0\u00bb|||\u00a0\u00bb global_colors_info=\u00a0\u00bb{}\u00a0\u00bb custom_padding__hover=\u00a0\u00bb|||\u00a0\u00bb][et_pb_row_inner _builder_version=\u00a0\u00bb4.16&Prime; background_color=\u00a0\u00bb#ffffff\u00a0\u00bb custom_padding=\u00a0\u00bb50px|40px|50px|40px|true|true\u00a0\u00bb animation_style=\u00a0\u00bbzoom\u00a0\u00bb animation_intensity_zoom=\u00a0\u00bb20%\u00a0\u00bb border_radii=\u00a0\u00bbon|24px|24px|24px|24px\u00a0\u00bb box_shadow_style=\u00a0\u00bbpreset1&Prime; box_shadow_vertical=\u00a0\u00bb90px\u00a0\u00bb box_shadow_blur=\u00a0\u00bb160px\u00a0\u00bb box_shadow_color=\u00a0\u00bbrgba(0,0,0,0.06)\u00a0\u00bb global_colors_info=\u00a0\u00bb{}\u00a0\u00bb][et_pb_column_inner saved_specialty_column_type=\u00a0\u00bb1_2&Prime; _builder_version=\u00a0\u00bb4.16&Prime; custom_padding=\u00a0\u00bb|||\u00a0\u00bb global_colors_info=\u00a0\u00bb{}\u00a0\u00bb custom_padding__hover=\u00a0\u00bb|||\u00a0\u00bb][et_pb_code module_id=\u00a0\u00bbcontact-fre\u00a0\u00bb module_class=\u00a0\u00bbform-2&Prime; _builder_version=\u00a0\u00bb4.26.0&Prime; _module_preset=\u00a0\u00bbdefault\u00a0\u00bb global_colors_info=\u00a0\u00bb{}\u00a0\u00bb]\n\t\t\t\t\t\t<script>\n\t\t\t\t\t\t\twindow.hsFormsOnReady = window.hsFormsOnReady || [];\n\t\t\t\t\t\t\twindow.hsFormsOnReady.push(()=>{\n\t\t\t\t\t\t\t\thbspt.forms.create({\n\t\t\t\t\t\t\t\t\tportalId: 2350056,\n\t\t\t\t\t\t\t\t\tformId: \"b8b0fa84-9f7f-44b7-83d8-de877cc3287e\",\n\t\t\t\t\t\t\t\t\ttarget: \"#hbspt-form-1775637579000-7750343094\",\n\t\t\t\t\t\t\t\t\tregion: \"na1\",\n\t\t\t\t\t\t\t\t\t\n\t\t\t\t\t\t\t})});\n\t\t\t\t\t\t<\/script>\n\t\t\t\t\t\t<div class=\"hbspt-form\" id=\"hbspt-form-1775637579000-7750343094\"><\/div>[\/et_pb_code][\/et_pb_column_inner][\/et_pb_row_inner][\/et_pb_column][\/et_pb_section][et_pb_section fb_built=\u00a0\u00bb1&Prime; fullwidth=\u00a0\u00bbon\u00a0\u00bb _builder_version=\u00a0\u00bb4.24.2&Prime; _module_preset=\u00a0\u00bbdefault\u00a0\u00bb da_disable_devices=\u00a0\u00bboff|off|off\u00a0\u00bb global_colors_info=\u00a0\u00bb{}\u00a0\u00bb da_is_popup=\u00a0\u00bboff\u00a0\u00bb da_exit_intent=\u00a0\u00bboff\u00a0\u00bb da_has_close=\u00a0\u00bbon\u00a0\u00bb da_alt_close=\u00a0\u00bboff\u00a0\u00bb da_dark_close=\u00a0\u00bboff\u00a0\u00bb da_not_modal=\u00a0\u00bbon\u00a0\u00bb da_is_singular=\u00a0\u00bboff\u00a0\u00bb da_with_loader=\u00a0\u00bboff\u00a0\u00bb da_has_shadow=\u00a0\u00bbon\u00a0\u00bb][et_pb_fullwidth_code _builder_version=\u00a0\u00bb4.26.0&Prime; _module_preset=\u00a0\u00bbdefault\u00a0\u00bb global_colors_info=\u00a0\u00bb{}\u00a0\u00bb]\n\t\t\t\t<p class=\"rs-p-wp-fix\"><\/p>\n\t\t\t\t<sr7-module data-alias=\"ni-contactusaddress-slide002-fr\" data-id=\"522\" id=\"SR7_522_2\" data-version=\"6.7.51\">\n\t\t\t\t\t<sr7-adjuster><\/sr7-adjuster>\n\t\t\t\t\t<sr7-content>\n\t\t\t\t\t\t<sr7-carousel>\n\t\t\t\t\t\t<sr7-slide id=\"SR7_522_2-364\" data-key=\"364\">\n\t\t\t\t\t\t\t<sr7-txt id=\"SR7_522_2-364-7\" class=\"sr7-layer\"><b>T. <\/b>514.315.2555<br \/>\n<br \/>\n1111 Dr. Frederik-Philips Blvd.,<br> Suite 600<br \/>\nSaint-Laurent, Qu\u00e9bec <br \/>\nH4M 2X6 Canada<\/sr7-txt>\n\t\t\t\t\t\t\t<a id=\"SR7_522_2-364-9\" class=\"sr7-layer\" href=\"mailto:info@newintelligence.ca\" target=\"_self\">Montr\u00e9al<\/a>\n\t\t\t\t\t\t\t<sr7-txt id=\"SR7_522_2-364-10\" class=\"sr7-layer\">Partenariat<\/sr7-txt>\n\t\t\t\t\t\t\t<sr7-txt id=\"SR7_522_2-364-12\" class=\"sr7-layer\">Int\u00e9ress\u00e9 par un partenariat avec nous ? Contactez-nous pour d\u00e9couvrir comment nos solutions peuvent compl\u00e9ter votre entreprise et favoriser une croissance mutuelle.<\/sr7-txt>\n\t\t\t\t\t\t\t<sr7-txt id=\"SR7_522_2-364-13\" class=\"sr7-layer\"><b>T. <\/b>416.840.8499<br \/>\n<br \/>\n18 King Street East, <br \/>\nSuite 1400<br \/>\nToronto, Ontario <br \/>\nM5C 1C4 Canada<\/sr7-txt>\n\t\t\t\t\t\t\t<sr7-txt id=\"SR7_522_2-364-14\" class=\"sr7-layer\">Toronto<\/sr7-txt>\n\t\t\t\t\t\t\t<a id=\"SR7_522_2-364-22\" class=\"sr7-layer\" href=\"mailto:info@newintelligence.ca\" target=\"_self\">info@newintelligence.ca<\/a>\n\t\t\t\t\t\t<\/sr7-slide>\n\t\t\t\t\t\t<sr7-slide id=\"SR7_522_2-668\" data-key=\"668\">\n\t\t\t\t\t\t<\/sr7-slide>\n\t\t\t\t\t\t<\/sr7-carousel>\n\t\t\t\t\t<\/sr7-content>\n\t\t\t\t<\/sr7-module>\n\t\t\t\t<script>\n\t\t\t\t\twindow.SR7 ??={};SR7.PMH ??={}; SR7.PMH[\"SR7_522_2\"] = {cn:100,state:false,fn: function() { if (window._tpt!==undefined && window._tpt.prepareModuleHeight !== undefined) {  _tpt.prepareModuleHeight({id:\"SR7_522_2\",el:[570,750,700,1052],type:'carousel',shdw:'0',gh:[570,750,700,600],gw:[1000,1000,700,480],vpt:['-200px'],size:{fullWidth:true, fullHeight:false},mh:'0',onh:0,onw:0,bg:{color:'#323344'},carousel:{pt:'0',pb:'0'}});   SR7.PMH[\"SR7_522_2\"].state=true;} else if(SR7.PMH[\"SR7_522_2\"].cn-->0)\tsetTimeout( SR7.PMH[\"SR7_522_2\"].fn,19);}};SR7.PMH[\"SR7_522_2\" ].fn();\n\t\t\t\t<\/script>\n[\/et_pb_fullwidth_code][\/et_pb_section]<\/p>\n","protected":false},"excerpt":{"rendered":"<p>\n\t\t\t\t<p class=\"rs-p-wp-fix\"><\/p>\n\t\t\t\t<sr7-module data-alias=\"ni-contactus-slide001-fr\" data-id=\"521\" id=\"SR7_521_3\" data-version=\"6.7.51\">\n\t\t\t\t\t<sr7-adjuster><\/sr7-adjuster>\n\t\t\t\t\t<sr7-content>\n\t\t\t\t\t\t<sr7-slide id=\"SR7_521_3-363\" data-key=\"363\">\n\t\t\t\t\t\t\t<sr7-txt id=\"SR7_521_3-363-7\" class=\"sr7-layer\">Connectez-vous avec NewIntelligence. Votre parcours vers des analyses am\u00e9lior\u00e9es et des op\u00e9rations simplifi\u00e9es commence ici. Contactez-nous pour des solutions personnalis\u00e9es et un support d\u00e9di\u00e9.<\/sr7-txt>\n\t\t\t\t\t\t\t<sr7-txt id=\"SR7_521_3-363-9\" class=\"sr7-layer\">Contactez-nous<\/sr7-txt>\n\t\t\t\t\t\t<\/sr7-slide>\n\t\t\t\t\t\t<sr7-slide id=\"SR7_521_3-667\" data-key=\"667\">\n\t\t\t\t\t\t<\/sr7-slide>\n\t\t\t\t\t<\/sr7-content>\n\t\t\t\t<\/sr7-module>\n\t\t\t\t<script>\n\t\t\t\t\twindow.SR7 ??={};SR7.PMH ??={}; SR7.PMH[\"SR7_521_3\"] = {cn:100,state:false,fn: function() { if (window._tpt!==undefined && window._tpt.prepareModuleHeight !== undefined) {  _tpt.prepareModuleHeight({id:\"SR7_521_3\",el:[900,750,700,600],type:'standard',shdw:'0',gh:[900,750,700,600],gw:[1240,1000,700,480],vpt:['-200px'],size:{fullWidth:true, fullHeight:true},offsetContainer:'',offset:'',mh:'0',onh:0,onw:0,bg:{color:'rgba(31, 64, 120, 0)'}});   SR7.PMH[\"SR7_521_3\"].state=true;} else if(SR7.PMH[\"SR7_521_3\"].cn-->0)\tsetTimeout( SR7.PMH[\"SR7_521_3\"].fn,19);}};SR7.PMH[\"SR7_521_3\" ].fn();\n\t\t\t\t<\/script>\nContactez nous Lib\u00e9rez tout le potentiel des informations bas\u00e9es sur les donn\u00e9es avec NewIntelligence. Notre \u00e9quipe d&rsquo;experts chevronn\u00e9s a pour mission de vous aider \u00e0 am\u00e9liorer votre efficacit\u00e9 et \u00e0 atteindre vos objectifs commerciaux. Pourquoi choisir NewIntelligence ?- Solutions sur mesure : Nous fournissons des strat\u00e9gies personnalis\u00e9es pour r\u00e9pondre aux besoins uniques de votre [&hellip;]<\/p>\n","protected":false},"author":1,"featured_media":0,"parent":0,"menu_order":0,"comment_status":"closed","ping_status":"closed","template":"","meta":{"_acf_changed":false,"_et_pb_use_builder":"on","_et_pb_old_content":"","_et_gb_content_width":"","content-type":"","footnotes":""},"class_list":["post-10985","page","type-page","status-publish","hentry"],"acf":[],"_links":{"self":[{"href":"https:\/\/newintelligence.ca\/fr\/wp-json\/wp\/v2\/pages\/10985","targetHints":{"allow":["GET"]}}],"collection":[{"href":"https:\/\/newintelligence.ca\/fr\/wp-json\/wp\/v2\/pages"}],"about":[{"href":"https:\/\/newintelligence.ca\/fr\/wp-json\/wp\/v2\/types\/page"}],"author":[{"embeddable":true,"href":"https:\/\/newintelligence.ca\/fr\/wp-json\/wp\/v2\/users\/1"}],"replies":[{"embeddable":true,"href":"https:\/\/newintelligence.ca\/fr\/wp-json\/wp\/v2\/comments?post=10985"}],"version-history":[{"count":0,"href":"https:\/\/newintelligence.ca\/fr\/wp-json\/wp\/v2\/pages\/10985\/revisions"}],"wp:attachment":[{"href":"https:\/\/newintelligence.ca\/fr\/wp-json\/wp\/v2\/media?parent=10985"}],"curies":[{"name":"wp","href":"https:\/\/api.w.org\/{rel}","templated":true}]}}